{"id":613,"date":"2023-09-27T18:48:56","date_gmt":"2023-09-27T16:48:56","guid":{"rendered":"https:\/\/max-penzion.cz\/price-list\/"},"modified":"2024-11-07T08:08:38","modified_gmt":"2024-11-07T07:08:38","slug":"prices","status":"publish","type":"page","link":"https:\/\/max-penzion.cz\/en\/prices\/","title":{"rendered":"Prices"},"content":{"rendered":"<div class=\"fusion-fullwidth fullwidth-box fusion-builder-row-1 fusion-flex-container has-pattern-background has-mask-background nonhundred-percent-fullwidth non-hundred-percent-height-scrolling\" style=\"--awb-border-radius-top-left:0px;--awb-border-radius-top-right:0px;--awb-border-radius-bottom-right:0px;--awb-border-radius-bottom-left:0px;--awb-flex-wrap:wrap;\" ><div class=\"fusion-builder-row fusion-row fusion-flex-align-items-center fusion-flex-content-wrap\" style=\"max-width:1248px;margin-left: calc(-4% \/ 2 );margin-right: calc(-4% \/ 2 );\"><div class=\"fusion-layout-column fusion_builder_column fusion-builder-column-0 fusion_builder_column_2_3 2_3 fusion-flex-column\" style=\"--awb-bg-size:cover;--awb-width-large:66.666666666667%;--awb-margin-top-large:0px;--awb-spacing-right-large:2.88%;--awb-margin-bottom-large:0px;--awb-spacing-left-large:2.88%;--awb-width-medium:66.666666666667%;--awb-order-medium:0;--awb-spacing-right-medium:2.88%;--awb-spacing-left-medium:2.88%;--awb-width-small:100%;--awb-order-small:0;--awb-spacing-right-small:1.92%;--awb-spacing-left-small:1.92%;\"><div class=\"fusion-column-wrapper fusion-column-has-shadow fusion-flex-justify-content-flex-start fusion-content-layout-column\"><div class=\"fusion-title title fusion-title-1 fusion-sep-none fusion-title-text fusion-title-size-two\" style=\"--awb-margin-top-small:10px;--awb-margin-right-small:0px;--awb-margin-bottom-small:10px;--awb-margin-left-small:0px;\"><h2 class=\"fusion-title-heading title-heading-left fusion-responsive-typography-calculated\" style=\"margin:0;--fontSize:48;line-height:var(--awb-typography1-line-height);\">Price for 1 night<\/h2><\/div>\n<div class=\"table-2\" style=\"--awb-margin-bottom:1rem;\">\n<table width=\"100%\">\n<thead>\n<tr>\n<th align=\"left\">Room type<\/th>\n<th align=\"left\">1 person<\/th>\n<th align=\"left\">2 persons<\/th>\n<th align=\"left\">Extra bed<\/th>\n<\/tr>\n<\/thead>\n<tbody>\n<tr>\n<td align=\"left\">double large no. 1, 2, 3<\/td>\n<td align=\"left\">780 CZK<\/td>\n<td align=\"left\">1 480 CZK<\/td>\n<td align=\"left\">400 CZK<\/td>\n<\/tr>\n<tr>\n<td align=\"left\">double standard no. 4, 5<\/td>\n<td align=\"left\">780 CZK<\/td>\n<td align=\"left\">1 380 CZK<\/td>\n<td align=\"left\">&#8211;<\/td>\n<\/tr>\n<tr>\n<td align=\"left\">double apartment no. 6, 7 with kitchen<\/td>\n<td align=\"left\">980 CZK<\/td>\n<td align=\"left\">1 980 CZK<\/td>\n<td align=\"left\">400 CZK*<\/td>\n<\/tr>\n<tr>\n<td align=\"left\">single no. 8, 9<\/td>\n<td align=\"left\">780 CZK<\/td>\n<td align=\"left\">&#8211;<\/td>\n<td align=\"left\">&#8211;<\/td>\n<\/tr>\n<\/tbody>\n<\/table>\n<\/div>\n<div class=\"fusion-text fusion-text-1\"><p>* possibility of two extra beds<br \/>\nTourist tax is 15,- CZK person\/day.<\/p>\n<\/div><div class=\"fusion-title title fusion-title-2 fusion-sep-none fusion-title-text fusion-title-size-three\" style=\"--awb-margin-top:2rem;--awb-margin-top-small:10px;--awb-margin-right-small:0px;--awb-margin-bottom-small:10px;--awb-margin-left-small:0px;\"><h3 class=\"fusion-title-heading title-heading-left fusion-responsive-typography-calculated\" style=\"margin:0;--fontSize:36;line-height:var(--awb-typography1-line-height);\">Other services<\/h3><\/div>\n<div class=\"table-2\" style=\"--awb-margin-bottom:1rem;\">\n<table width=\"100%\">\n<thead>\n<tr>\n<th align=\"left\">Service<\/th>\n<th align=\"left\">Price<\/th>\n<\/tr>\n<\/thead>\n<tbody>\n<tr>\n<td align=\"left\">Breakfast<\/td>\n<td align=\"left\">150 CZK<\/td>\n<\/tr>\n<tr>\n<td align=\"left\">pet<\/td>\n<td align=\"left\">100 CZK<\/td>\n<\/tr>\n<tr>\n<td align=\"left\">parking on site<\/td>\n<td align=\"left\">Free<\/td>\n<\/tr>\n<tr>\n<td align=\"left\">internet connection<\/td>\n<td align=\"left\">Free<\/td>\n<\/tr>\n<\/tbody>\n<\/table>\n<\/div>\n<\/div><\/div><div class=\"fusion-layout-column fusion_builder_column fusion-builder-column-1 fusion_builder_column_1_3 1_3 fusion-flex-column\" style=\"--awb-bg-size:cover;--awb-width-large:33.333333333333%;--awb-margin-top-large:0px;--awb-spacing-right-large:5.76%;--awb-margin-bottom-large:0px;--awb-spacing-left-large:5.76%;--awb-width-medium:33.333333333333%;--awb-order-medium:0;--awb-spacing-right-medium:5.76%;--awb-spacing-left-medium:5.76%;--awb-width-small:100%;--awb-order-small:0;--awb-spacing-right-small:1.92%;--awb-spacing-left-small:1.92%;\"><div class=\"fusion-column-wrapper fusion-column-has-shadow fusion-flex-justify-content-flex-start fusion-content-layout-column\"><div class=\"fusion-image-element \" style=\"--awb-margin-top:1rem;--awb-margin-bottom:1rem;--awb-caption-title-font-family:var(--h2_typography-font-family);--awb-caption-title-font-weight:var(--h2_typography-font-weight);--awb-caption-title-font-style:var(--h2_typography-font-style);--awb-caption-title-size:var(--h2_typography-font-size);--awb-caption-title-transform:var(--h2_typography-text-transform);--awb-caption-title-line-height:var(--h2_typography-line-height);--awb-caption-title-letter-spacing:var(--h2_typography-letter-spacing);\"><span class=\" fusion-imageframe imageframe-none imageframe-1 hover-type-zoomin\"><a href=\"https:\/\/max-penzion.cz\/wp-content\/smush-webp\/2023\/10\/penzion-max-stare-mesto-exterier-06-scaled.jpg.webp\" class=\"fusion-lightbox\" data-rel=\"iLightbox[eb3cc1f39dbb6c00bbb]\" data-title=\"Exteri\u00e9r Penzion MAX Star\u00e9 M\u011bsto\" title=\"Exteri\u00e9r Penzion MAX Star\u00e9 M\u011bsto\"><img decoding=\"async\" width=\"2560\" height=\"1440\" src=\"https:\/\/max-penzion.cz\/wp-content\/smush-webp\/2023\/10\/penzion-max-stare-mesto-exterier-06-scaled.jpg.webp\" data-orig-src=\"https:\/\/max-penzion.cz\/wp-content\/smush-webp\/2023\/10\/penzion-max-stare-mesto-exterier-06-scaled.jpg.webp\" alt class=\"lazyload img-responsive wp-image-133\" srcset=\"data:image\/svg+xml,%3Csvg%20xmlns%3D%27http%3A%2F%2Fwww.w3.org%2F2000%2Fsvg%27%20width%3D%272560%27%20height%3D%271440%27%20viewBox%3D%270%200%202560%201440%27%3E%3Crect%20width%3D%272560%27%20height%3D%271440%27%20fill-opacity%3D%220%22%2F%3E%3C%2Fsvg%3E\" data-srcset=\"https:\/\/max-penzion.cz\/wp-content\/smush-webp\/2023\/10\/penzion-max-stare-mesto-exterier-06-200x113.jpg.webp 200w, https:\/\/max-penzion.cz\/wp-content\/smush-webp\/2023\/10\/penzion-max-stare-mesto-exterier-06-400x225.jpg.webp 400w, https:\/\/max-penzion.cz\/wp-content\/smush-webp\/2023\/10\/penzion-max-stare-mesto-exterier-06-600x338.jpg.webp 600w, https:\/\/max-penzion.cz\/wp-content\/smush-webp\/2023\/10\/penzion-max-stare-mesto-exterier-06-800x450.jpg.webp 800w, https:\/\/max-penzion.cz\/wp-content\/smush-webp\/2023\/10\/penzion-max-stare-mesto-exterier-06-1200x675.jpg.webp 1200w, https:\/\/max-penzion.cz\/wp-content\/smush-webp\/2023\/10\/penzion-max-stare-mesto-exterier-06-scaled.jpg.webp 2560w\" data-sizes=\"auto\" data-orig-sizes=\"(max-width: 640px) 100vw, 400px\" \/><\/a><\/span><\/div><div class=\"fusion-image-element \" style=\"--awb-margin-top:1rem;--awb-margin-bottom:1rem;--awb-caption-title-font-family:var(--h2_typography-font-family);--awb-caption-title-font-weight:var(--h2_typography-font-weight);--awb-caption-title-font-style:var(--h2_typography-font-style);--awb-caption-title-size:var(--h2_typography-font-size);--awb-caption-title-transform:var(--h2_typography-text-transform);--awb-caption-title-line-height:var(--h2_typography-line-height);--awb-caption-title-letter-spacing:var(--h2_typography-letter-spacing);\"><span class=\" fusion-imageframe imageframe-none imageframe-2 hover-type-zoomin\"><a href=\"https:\/\/max-penzion.cz\/wp-content\/smush-webp\/2023\/10\/penzion-max-stare-mesto-interier-01-scaled.jpg.webp\" class=\"fusion-lightbox\" data-rel=\"iLightbox[36e829296c4fa382b12]\" data-title=\"Interi\u00e9r Penzion MAX Star\u00e9 M\u011bsto\" title=\"Interi\u00e9r Penzion MAX Star\u00e9 M\u011bsto\"><img decoding=\"async\" width=\"2560\" height=\"1440\" src=\"https:\/\/max-penzion.cz\/wp-content\/smush-webp\/2023\/10\/penzion-max-stare-mesto-interier-01-scaled.jpg.webp\" data-orig-src=\"https:\/\/max-penzion.cz\/wp-content\/smush-webp\/2023\/10\/penzion-max-stare-mesto-interier-01-scaled.jpg.webp\" alt class=\"lazyload img-responsive wp-image-143\" srcset=\"data:image\/svg+xml,%3Csvg%20xmlns%3D%27http%3A%2F%2Fwww.w3.org%2F2000%2Fsvg%27%20width%3D%272560%27%20height%3D%271440%27%20viewBox%3D%270%200%202560%201440%27%3E%3Crect%20width%3D%272560%27%20height%3D%271440%27%20fill-opacity%3D%220%22%2F%3E%3C%2Fsvg%3E\" data-srcset=\"https:\/\/max-penzion.cz\/wp-content\/smush-webp\/2023\/10\/penzion-max-stare-mesto-interier-01-200x113.jpg.webp 200w, https:\/\/max-penzion.cz\/wp-content\/smush-webp\/2023\/10\/penzion-max-stare-mesto-interier-01-400x225.jpg.webp 400w, https:\/\/max-penzion.cz\/wp-content\/smush-webp\/2023\/10\/penzion-max-stare-mesto-interier-01-600x338.jpg.webp 600w, https:\/\/max-penzion.cz\/wp-content\/smush-webp\/2023\/10\/penzion-max-stare-mesto-interier-01-800x450.jpg.webp 800w, https:\/\/max-penzion.cz\/wp-content\/smush-webp\/2023\/10\/penzion-max-stare-mesto-interier-01-1200x675.jpg.webp 1200w, https:\/\/max-penzion.cz\/wp-content\/smush-webp\/2023\/10\/penzion-max-stare-mesto-interier-01-scaled.jpg.webp 2560w\" data-sizes=\"auto\" data-orig-sizes=\"(max-width: 640px) 100vw, 400px\" \/><\/a><\/span><\/div><div class=\"fusion-image-element \" style=\"--awb-margin-top:1rem;--awb-margin-bottom:1rem;--awb-caption-title-font-family:var(--h2_typography-font-family);--awb-caption-title-font-weight:var(--h2_typography-font-weight);--awb-caption-title-font-style:var(--h2_typography-font-style);--awb-caption-title-size:var(--h2_typography-font-size);--awb-caption-title-transform:var(--h2_typography-text-transform);--awb-caption-title-line-height:var(--h2_typography-line-height);--awb-caption-title-letter-spacing:var(--h2_typography-letter-spacing);\"><span class=\" fusion-imageframe imageframe-none imageframe-3 hover-type-zoomin\"><a href=\"https:\/\/max-penzion.cz\/wp-content\/smush-webp\/2023\/10\/penzion-max-stare-mesto-pokoj-3-02-scaled.jpg.webp\" class=\"fusion-lightbox\" data-rel=\"iLightbox[bdffaec9faae4b3528c]\" data-title=\"T\u0159et\u00ed pokoj Penzion MAX Star\u00e9 M\u011bsto\" title=\"T\u0159et\u00ed pokoj Penzion MAX Star\u00e9 M\u011bsto\"><img decoding=\"async\" width=\"2560\" height=\"1440\" src=\"https:\/\/max-penzion.cz\/wp-content\/smush-webp\/2023\/10\/penzion-max-stare-mesto-pokoj-3-02-scaled.jpg.webp\" data-orig-src=\"https:\/\/max-penzion.cz\/wp-content\/smush-webp\/2023\/10\/penzion-max-stare-mesto-pokoj-3-02-scaled.jpg.webp\" alt class=\"lazyload img-responsive wp-image-179\" srcset=\"data:image\/svg+xml,%3Csvg%20xmlns%3D%27http%3A%2F%2Fwww.w3.org%2F2000%2Fsvg%27%20width%3D%272560%27%20height%3D%271440%27%20viewBox%3D%270%200%202560%201440%27%3E%3Crect%20width%3D%272560%27%20height%3D%271440%27%20fill-opacity%3D%220%22%2F%3E%3C%2Fsvg%3E\" data-srcset=\"https:\/\/max-penzion.cz\/wp-content\/smush-webp\/2023\/10\/penzion-max-stare-mesto-pokoj-3-02-200x113.jpg.webp 200w, https:\/\/max-penzion.cz\/wp-content\/smush-webp\/2023\/10\/penzion-max-stare-mesto-pokoj-3-02-400x225.jpg.webp 400w, https:\/\/max-penzion.cz\/wp-content\/smush-webp\/2023\/10\/penzion-max-stare-mesto-pokoj-3-02-600x338.jpg.webp 600w, https:\/\/max-penzion.cz\/wp-content\/smush-webp\/2023\/10\/penzion-max-stare-mesto-pokoj-3-02-800x450.jpg.webp 800w, https:\/\/max-penzion.cz\/wp-content\/smush-webp\/2023\/10\/penzion-max-stare-mesto-pokoj-3-02-1200x675.jpg.webp 1200w, https:\/\/max-penzion.cz\/wp-content\/smush-webp\/2023\/10\/penzion-max-stare-mesto-pokoj-3-02-scaled.jpg.webp 2560w\" data-sizes=\"auto\" data-orig-sizes=\"(max-width: 640px) 100vw, 400px\" \/><\/a><\/span><\/div><\/div><\/div><\/div><\/div>\n","protected":false},"excerpt":{"rendered":"","protected":false},"author":1,"featured_media":0,"parent":0,"menu_order":19,"comment_status":"closed","ping_status":"closed","template":"100-width.php","meta":{"footnotes":""},"class_list":["post-613","page","type-page","status-publish","hentry"],"_links":{"self":[{"href":"https:\/\/max-penzion.cz\/en\/wp-json\/wp\/v2\/pages\/613","targetHints":{"allow":["GET"]}}],"collection":[{"href":"https:\/\/max-penzion.cz\/en\/wp-json\/wp\/v2\/pages"}],"about":[{"href":"https:\/\/max-penzion.cz\/en\/wp-json\/wp\/v2\/types\/page"}],"author":[{"embeddable":true,"href":"https:\/\/max-penzion.cz\/en\/wp-json\/wp\/v2\/users\/1"}],"replies":[{"embeddable":true,"href":"https:\/\/max-penzion.cz\/en\/wp-json\/wp\/v2\/comments?post=613"}],"version-history":[{"count":0,"href":"https:\/\/max-penzion.cz\/en\/wp-json\/wp\/v2\/pages\/613\/revisions"}],"wp:attachment":[{"href":"https:\/\/max-penzion.cz\/en\/wp-json\/wp\/v2\/media?parent=613"}],"curies":[{"name":"wp","href":"https:\/\/api.w.org\/{rel}","templated":true}]}}